{"id":232,"date":"2025-09-04T09:57:11","date_gmt":"2025-09-04T09:57:11","guid":{"rendered":"https:\/\/cmse.niarztest.com\/?page_id=232"},"modified":"2025-09-30T08:03:15","modified_gmt":"2025-09-30T08:03:15","slug":"cmse-tagsag","status":"publish","type":"page","link":"https:\/\/cmse.niarztest.com\/index.php\/cmse-tagsag\/","title":{"rendered":"CMSE Tags\u00e1g"},"content":{"rendered":"\t\t<div data-elementor-type=\"wp-page\" data-elementor-id=\"232\" class=\"elementor elementor-232\" data-elementor-post-type=\"page\">\n\t\t\t\t\t\t<section class=\"elementor-section elementor-top-section elementor-element elementor-element-31fe7d4 elementor-section-boxed elementor-section-height-default elementor-section-height-default\" data-id=\"31fe7d4\" data-element_type=\"section\">\n\t\t\t\t\t\t<div class=\"elementor-container elementor-column-gap-default\">\n\t\t\t\t\t<div class=\"elementor-column elementor-col-100 elementor-top-column elementor-element elementor-element-e97166c\" data-id=\"e97166c\" data-element_type=\"column\">\n\t\t\t<div class=\"elementor-widget-wrap elementor-element-populated\">\n\t\t\t\t\t\t<div class=\"elementor-element elementor-element-6f79816 elementor-widget elementor-widget-spacer\" data-id=\"6f79816\" data-element_type=\"widget\" data-widget_type=\"spacer.default\">\n\t\t\t\t<div class=\"elementor-widget-container\">\n\t\t\t\t\t\t\t<div class=\"elementor-spacer\">\n\t\t\t<div class=\"elementor-spacer-inner\"><\/div>\n\t\t<\/div>\n\t\t\t\t\t\t<\/div>\n\t\t\t\t<\/div>\n\t\t\t\t<div class=\"elementor-element elementor-element-bca0ea7 elementor-widget elementor-widget-heading\" data-id=\"bca0ea7\" data-element_type=\"widget\" data-widget_type=\"heading.default\">\n\t\t\t\t<div class=\"elementor-widget-container\">\n\t\t\t\t\t<h2 class=\"elementor-heading-title elementor-size-default\">CMSE Tags\u00e1g<\/h2>\t\t\t\t<\/div>\n\t\t\t\t<\/div>\n\t\t\t\t\t<\/div>\n\t\t<\/div>\n\t\t\t\t\t<\/div>\n\t\t<\/section>\n\t\t\t\t<section class=\"elementor-section elementor-top-section elementor-element elementor-element-107ad18 elementor-section-boxed elementor-section-height-default elementor-section-height-default\" data-id=\"107ad18\" data-element_type=\"section\">\n\t\t\t\t\t\t<div class=\"elementor-container elementor-column-gap-default\">\n\t\t\t\t\t<div class=\"elementor-column elementor-col-100 elementor-top-column elementor-element elementor-element-d30c0cf\" data-id=\"d30c0cf\" data-element_type=\"column\">\n\t\t\t<div class=\"elementor-widget-wrap elementor-element-populated\">\n\t\t\t\t\t\t<div class=\"elementor-element elementor-element-08b9d22 elementor-widget elementor-widget-text-editor\" data-id=\"08b9d22\" data-element_type=\"widget\" data-widget_type=\"text-editor.default\">\n\t\t\t\t<div class=\"elementor-widget-container\">\n\t\t\t\t\t\t\t\t\t<p><b>Csatlakozz a C\u00edvis Multisport SE-hez!<\/b><\/p><p><span style=\"font-weight: 400;\">L\u00e9gy tagja egy pezsg\u0151, bar\u00e1ts\u00e1gos \u00e9s motiv\u00e1l\u00f3 k\u00f6z\u00f6ss\u00e9gnek, ahol a sport \u00e9lm\u00e9ny, kih\u00edv\u00e1s \u00e9s \u00f6r\u00f6m egyszerre.<\/span><\/p><p><span style=\"font-weight: 400;\">K\u00e9t szakoszt\u00e1ly k\u00f6z\u00fcl v\u00e1laszthatsz:<\/span><\/p><ul><li aria-level=\"1\"><b>Funkcion\u00e1lis Fitnesz<\/b><\/li><\/ul><ul><li aria-level=\"1\"><b>Akad\u00e1lyfut\u00f3 (OCR)<\/b><\/li><\/ul><p><span style=\"font-weight: 400;\">N\u00e1lunk megtal\u00e1lod a helyed, ak\u00e1r kezd\u0151k\u00e9nt, ak\u00e1r profi szinten sportolsz \u2013 garant\u00e1ltan kapsz t\u00e1mogat\u00e1st, fejl\u0151d\u00e9si lehet\u0151s\u00e9get \u00e9s egy er\u0151s k\u00f6z\u00f6ss\u00e9g erej\u00e9t.<\/span><\/p><p><span style=\"font-weight: 400;\">Legy\u00e9l tag, \u00e9s tapasztald meg, hogy a sport t\u00e9nyleg \u00f6sszek\u00f6t!<\/span><span style=\"font-weight: 400;\"><br \/><\/span><span style=\"font-weight: 400;\"><br \/><\/span><b>Amit tud a szervezet biztos\u00edtani:<\/b><\/p><p><span style=\"font-weight: 400;\">&#8211;<\/span> <span style=\"font-weight: 400;\">Stabil szervezeti h\u00e1tt\u00e9r, igazolt versenyz\u00e9s,<\/span><\/p><p><span style=\"font-weight: 400;\">&#8211;<\/span> <span style=\"font-weight: 400;\">Finansz\u00edrozott versenyek, nevez\u00e9si d\u00edjak meg\u00e1llapod\u00e1s szerint,<\/span><\/p><p><span style=\"font-weight: 400;\">&#8211;<\/span> <span style=\"font-weight: 400;\">B\u00e9rlet t\u00e1mogat\u00e1s, illetve kedvezm\u00e9nyes bel\u00e9p\u00e9s a Bro\u2019Z Debrecen terembe,<\/span><\/p><p><span style=\"font-weight: 400;\">&#8211;<\/span> <span style=\"font-weight: 400;\">Kedvezm\u00e9nyes bel\u00e9p\u00e9s a Bro\u2019Z Debrecen terem \u00f6sszes testv\u00e9r term\u00e9be,<\/span><\/p><p><span style=\"font-weight: 400;\">&#8211;<\/span> <span style=\"font-weight: 400;\">Kedvezm\u00e9nyes sportdiagnosztikai vizsg\u00e1latok \u00e9s kezel\u00e9sek (SET),<\/span><\/p><p><span style=\"font-weight: 400;\">&#8211;<\/span> <span style=\"font-weight: 400;\">Edz\u0151i \u00e9s T\u00e1pl\u00e1lkoz\u00e1si h\u00e1tt\u00e9rt\u00e1mogat\u00e1s meg\u00e1llapod\u00e1s szerint,<\/span><\/p><p><span style=\"font-weight: 400;\">&#8211;<\/span> <span style=\"font-weight: 400;\">T\u00e1pl\u00e1l\u00e9k kieg\u00e9sz\u00edt\u0151 t\u00e1mogat\u00e1s,<\/span><\/p><p><span style=\"font-weight: 400;\">&#8211;<\/span> <span style=\"font-weight: 400;\">Kedvezm\u00e9nyes r\u00e9szv\u00e9teli lehet\u0151s\u00e9gek (k\u00e9pz\u00e9sek, edz\u0151t\u00e1borok, egy\u00e9b),<\/span><\/p><p><span style=\"font-weight: 400;\">&#8211;<\/span> <span style=\"font-weight: 400;\">Megjelen\u00e9si lehet\u0151s\u00e9g a Bro\u2019Z Debrecen terem \u00e9s az Egyes\u00fclet online fel\u00fcletein,<\/span><\/p><p><span style=\"font-weight: 400;\">&#8211;<\/span> <span style=\"font-weight: 400;\">Ingyenes marketing \u00e9s rekl\u00e1mtev\u00e9kenys\u00e9g,<\/span><\/p><p><span style=\"font-weight: 400;\">&#8211;<\/span> <span style=\"font-weight: 400;\">Versenyruh\u00e1zat t\u00e1mogat\u00e1s,<\/span><\/p><p><span style=\"font-weight: 400;\">&#8211;<\/span> <span style=\"font-weight: 400;\">Kedvezm\u00e9nyes Egyes\u00fcleti &amp; Bro\u2019Z Debrecen terem meleg\u00edt\u0151 v\u00e1s\u00e1rl\u00e1si lehet\u0151s\u00e9get biztos\u00edt sportol\u00f3i sz\u00e1m\u00e1ra.<\/span><\/p><p><b>Tagi besorol\u00e1s:<\/b><\/p><p><span style=\"font-weight: 400;\">Szakoszt\u00e1lyonk\u00e9nt az al\u00e1bbi kateg\u00f3ri\u00e1kba soroljuk be a tagokat:<\/span><\/p><p><span style=\"font-weight: 400;\">&#8211;<\/span> <span style=\"font-weight: 400;\">Elit\u00a0<\/span><\/p><p><span style=\"font-weight: 400;\">&#8211;<\/span> <span style=\"font-weight: 400;\">Kiemelt<\/span><\/p><p><span style=\"font-weight: 400;\">&#8211;<\/span> <span style=\"font-weight: 400;\">Hobbi<\/span><\/p><p><span style=\"font-weight: 400;\">&#8211;<\/span> <span style=\"font-weight: 400;\">\u00daj (\u00e9v k\u00f6zben csatlakozott)<\/span><\/p><p><span style=\"font-weight: 400;\">Az els\u0151 h\u00e1rom besorol\u00e1st azok a sportol\u00f3ink kaphatj\u00e1k, akik a t\u00e1rgyi \u00e9vet megel\u0151z\u0151en m\u00e1r egyszer befizett\u00e9k a tagd\u00edjat. Ezen kateg\u00f3ri\u00e1k tagjait a szakoszt\u00e1lyok vezet\u0151i \u00e9s felel\u0151sei hat\u00e1rozz\u00e1k meg \u00fajra minden \u00e9v Febru\u00e1r 1.-ig, aminek az eredm\u00e9nye kihirdet\u00e9sre ker\u00fcl. Az Elit \u00e9s Kiemelt tagokkal Sportol\u00f3i szerz\u0151d\u00e9s ker\u00fcl al\u00e1\u00edr\u00e1sra.<\/span><\/p><p><span style=\"font-weight: 400;\">A fenti kateg\u00f3ri\u00e1k alapj\u00e1n 2025-ben az al\u00e1bbi t\u00e1mogat\u00e1sokat biztos\u00edtjuk utaz\u00e1si k\u00f6lts\u00e9gek, nevez\u00e9si d\u00edjak vagy egy\u00e9b t\u00e1mogat\u00e1sok form\u00e1j\u00e1ban:<\/span><\/p><p><span style=\"font-weight: 400;\">&#8211;<\/span> <span style=\"font-weight: 400;\">Elit: 70.000 Ft\/f\u0151<\/span><\/p><p><span style=\"font-weight: 400;\">&#8211;<\/span> <span style=\"font-weight: 400;\">Kiemelt: 23.000 Ft\/f\u0151<\/span><\/p><p><span style=\"font-weight: 400;\">&#8211;<\/span> <span style=\"font-weight: 400;\">Hobbi: 7.000 Ft\/f\u0151<\/span><\/p><p><b>Tagd\u00edj befizet\u00e9s:<\/b><\/p><p><span style=\"font-weight: 400;\">Kedvezm\u00e9nyezett: C\u00cdVIS MULTISPORT SPORTEGYES\u00dcLET\u00a0<\/span><\/p><p><span style=\"font-weight: 400;\">Banksz\u00e1mlasz\u00e1m: 11738060-23874750-00000000\u00a0<\/span><\/p><p><span style=\"font-weight: 400;\">Bank neve: OTP Bank Zrt\u00a0<\/span><\/p><p><span style=\"font-weight: 400;\">K\u00f6zlem\u00e9ny: N\u00c9V tagd\u00edj, szakoszt\u00e1ly<\/span><\/p><p><span style=\"font-weight: 400;\">\u00c9ves tagd\u00edj: <\/span><b>10.000 Ft<\/b><\/p><p><span style=\"font-weight: 400;\">Befizet\u00e9si hat\u00e1rid\u0151: adott \u00e9v febru\u00e1r 1.\u00a0<\/span><\/p><p><span style=\"font-weight: 400;\">A tagd\u00edj napt\u00e1ri \u00e9vhez k\u00f6t\u00f6tt (janu\u00e1r 1. \u2013 december 31.).<\/span><\/p><p><span style=\"font-weight: 400;\">\u00daj tagok eset\u00e9ben a d\u00edj az adott \u00e9v v\u00e9g\u00e9ig \u00e9rv\u00e9nyes, f\u00fcggetlen\u00fcl a bel\u00e9p\u00e9s id\u0151pontj\u00e1t\u00f3l.<\/span><\/p><p><b>A tagd\u00edj befizet\u00e9s\u00e9t az al\u00e1bbi Google Sheet kit\u00f6lt\u00e9s\u00e9vel is jelezni kell:\u00a0<\/b><\/p><p><a href=\"https:\/\/forms.gle\/5XQfWbPJQ4uxz1FA6\"><span style=\"font-weight: 400;\">https:\/\/forms.gle\/5XQfWbPJQ4uxz1FA6<\/span><\/a><\/p>\t\t\t\t\t\t\t\t<\/div>\n\t\t\t\t<\/div>\n\t\t\t\t\t<\/div>\n\t\t<\/div>\n\t\t\t\t\t<\/div>\n\t\t<\/section>\n\t\t\t\t<section class=\"elementor-section elementor-top-section elementor-element elementor-element-23cc442 elementor-section-full_width elementor-section-height-default elementor-section-height-default\" data-id=\"23cc442\" data-element_type=\"section\" data-settings=\"{&quot;background_background&quot;:&quot;classic&quot;,&quot;sticky&quot;:&quot;bottom&quot;,&quot;sticky_on&quot;:[&quot;desktop&quot;,&quot;tablet&quot;,&quot;mobile&quot;],&quot;sticky_offset&quot;:0,&quot;sticky_effects_offset&quot;:0,&quot;sticky_anchor_link_offset&quot;:0}\">\n\t\t\t\t\t\t<div class=\"elementor-container elementor-column-gap-default\">\n\t\t\t\t\t<div class=\"elementor-column elementor-col-50 elementor-top-column elementor-element elementor-element-d1304df\" data-id=\"d1304df\" data-element_type=\"column\">\n\t\t\t<div class=\"elementor-widget-wrap elementor-element-populated\">\n\t\t\t\t\t\t<div class=\"elementor-element elementor-element-f4f2ba0 elementor-widget elementor-widget-image\" data-id=\"f4f2ba0\" data-element_type=\"widget\" data-settings=\"{&quot;sticky&quot;:&quot;bottom&quot;,&quot;sticky_on&quot;:[&quot;desktop&quot;,&quot;tablet&quot;,&quot;mobile&quot;],&quot;sticky_offset&quot;:0,&quot;sticky_effects_offset&quot;:0,&quot;sticky_anchor_link_offset&quot;:0}\" data-widget_type=\"image.default\">\n\t\t\t\t<div class=\"elementor-widget-container\">\n\t\t\t\t\t\t\t\t\t\t\t\t\t\t\t<img decoding=\"async\" width=\"300\" height=\"86\" src=\"https:\/\/cmse.niarztest.com\/wp-content\/uploads\/2025\/09\/e7dad295-5be4-498f-aef2-8cbede0703d4-1-300x86.png\" class=\"attachment-medium size-medium wp-image-295\" alt=\"\" srcset=\"https:\/\/cmse.niarztest.com\/wp-content\/uploads\/2025\/09\/e7dad295-5be4-498f-aef2-8cbede0703d4-1-300x86.png 300w, https:\/\/cmse.niarztest.com\/wp-content\/uploads\/2025\/09\/e7dad295-5be4-498f-aef2-8cbede0703d4-1-1024x292.png 1024w, https:\/\/cmse.niarztest.com\/wp-content\/uploads\/2025\/09\/e7dad295-5be4-498f-aef2-8cbede0703d4-1-768x219.png 768w, https:\/\/cmse.niarztest.com\/wp-content\/uploads\/2025\/09\/e7dad295-5be4-498f-aef2-8cbede0703d4-1-1536x438.png 1536w, https:\/\/cmse.niarztest.com\/wp-content\/uploads\/2025\/09\/e7dad295-5be4-498f-aef2-8cbede0703d4-1-2048x584.png 2048w\" sizes=\"(max-width: 300px) 100vw, 300px\" \/>\t\t\t\t\t\t\t\t\t\t\t\t\t\t\t<\/div>\n\t\t\t\t<\/div>\n\t\t\t\t\t<\/div>\n\t\t<\/div>\n\t\t\t\t<div class=\"elementor-column elementor-col-50 elementor-top-column elementor-element elementor-element-8513674\" data-id=\"8513674\" data-element_type=\"column\">\n\t\t\t<div class=\"elementor-widget-wrap elementor-element-populated\">\n\t\t\t\t\t\t<div class=\"elementor-element elementor-element-30b8668 elementor-icon-list--layout-traditional elementor-list-item-link-full_width elementor-widget elementor-widget-icon-list\" data-id=\"30b8668\" data-element_type=\"widget\" data-widget_type=\"icon-list.default\">\n\t\t\t\t<div class=\"elementor-widget-container\">\n\t\t\t\t\t\t\t<ul class=\"elementor-icon-list-items\">\n\t\t\t\t\t\t\t<li class=\"elementor-icon-list-item\">\n\t\t\t\t\t\t\t\t\t\t\t<a href=\"https:\/\/cmse.niarztest.com\/wp-content\/uploads\/2025\/09\/alapszabaly.pdf\">\n\n\t\t\t\t\t\t\t\t\t\t\t\t<span class=\"elementor-icon-list-icon\">\n\t\t\t\t\t\t\t<i aria-hidden=\"true\" class=\"fas fa-angle-right\"><\/i>\t\t\t\t\t\t<\/span>\n\t\t\t\t\t\t\t\t\t\t<span class=\"elementor-icon-list-text\">Alapszab\u00e1ly<\/span>\n\t\t\t\t\t\t\t\t\t\t\t<\/a>\n\t\t\t\t\t\t\t\t\t<\/li>\n\t\t\t\t\t\t\t\t<li class=\"elementor-icon-list-item\">\n\t\t\t\t\t\t\t\t\t\t\t<span class=\"elementor-icon-list-icon\">\n\t\t\t\t\t\t\t<i aria-hidden=\"true\" class=\"fas fa-angle-right\"><\/i>\t\t\t\t\t\t<\/span>\n\t\t\t\t\t\t\t\t\t\t<span class=\"elementor-icon-list-text\">Adatv\u00e9delmi t\u00e1j\u00e9koztat\u00f3<\/span>\n\t\t\t\t\t\t\t\t\t<\/li>\n\t\t\t\t\t\t<\/ul>\n\t\t\t\t\t\t<\/div>\n\t\t\t\t<\/div>\n\t\t\t\t\t<\/div>\n\t\t<\/div>\n\t\t\t\t\t<\/div>\n\t\t<\/section>\n\t\t\t\t<\/div>\n\t\t","protected":false},"excerpt":{"rendered":"<p>CMSE Tags\u00e1g Csatlakozz a C\u00edvis Multisport SE-hez! L\u00e9gy tagja egy pezsg\u0151, bar\u00e1ts\u00e1gos \u00e9s motiv\u00e1l\u00f3 k\u00f6z\u00f6ss\u00e9gnek, ahol a sport \u00e9lm\u00e9ny, kih\u00edv\u00e1s \u00e9s \u00f6r\u00f6m egyszerre. K\u00e9t szakoszt\u00e1ly k\u00f6z\u00fcl v\u00e1laszthatsz: Funkcion\u00e1lis Fitnesz Akad\u00e1lyfut\u00f3 (OCR) N\u00e1lunk megtal\u00e1lod a helyed, ak\u00e1r kezd\u0151k\u00e9nt, ak\u00e1r profi szinten sportolsz \u2013 garant\u00e1ltan kapsz t\u00e1mogat\u00e1st, fejl\u0151d\u00e9si lehet\u0151s\u00e9get \u00e9s egy er\u0151s k\u00f6z\u00f6ss\u00e9g erej\u00e9t. Legy\u00e9l tag, \u00e9s [&hellip;]<\/p>\n","protected":false},"author":1,"featured_media":0,"parent":0,"menu_order":0,"comment_status":"closed","ping_status":"closed","template":"elementor_canvas","meta":{"footnotes":""},"class_list":["post-232","page","type-page","status-publish","hentry"],"_links":{"self":[{"href":"https:\/\/cmse.niarztest.com\/index.php\/wp-json\/wp\/v2\/pages\/232","targetHints":{"allow":["GET"]}}],"collection":[{"href":"https:\/\/cmse.niarztest.com\/index.php\/wp-json\/wp\/v2\/pages"}],"about":[{"href":"https:\/\/cmse.niarztest.com\/index.php\/wp-json\/wp\/v2\/types\/page"}],"author":[{"embeddable":true,"href":"https:\/\/cmse.niarztest.com\/index.php\/wp-json\/wp\/v2\/users\/1"}],"replies":[{"embeddable":true,"href":"https:\/\/cmse.niarztest.com\/index.php\/wp-json\/wp\/v2\/comments?post=232"}],"version-history":[{"count":14,"href":"https:\/\/cmse.niarztest.com\/index.php\/wp-json\/wp\/v2\/pages\/232\/revisions"}],"predecessor-version":[{"id":468,"href":"https:\/\/cmse.niarztest.com\/index.php\/wp-json\/wp\/v2\/pages\/232\/revisions\/468"}],"wp:attachment":[{"href":"https:\/\/cmse.niarztest.com\/index.php\/wp-json\/wp\/v2\/media?parent=232"}],"curies":[{"name":"wp","href":"https:\/\/api.w.org\/{rel}","templated":true}]}}