{"id":239,"date":"2025-09-04T10:48:29","date_gmt":"2025-09-04T10:48:29","guid":{"rendered":"https:\/\/cmse.niarztest.com\/?page_id=239"},"modified":"2025-09-23T11:16:12","modified_gmt":"2025-09-23T11:16:12","slug":"tamogatoink","status":"publish","type":"page","link":"https:\/\/cmse.niarztest.com\/index.php\/tamogatoink\/","title":{"rendered":"T\u00e1mogat\u00f3ink"},"content":{"rendered":"\t\t<div data-elementor-type=\"wp-page\" data-elementor-id=\"239\" class=\"elementor elementor-239\" data-elementor-post-type=\"page\">\n\t\t\t\t\t\t<section class=\"elementor-section elementor-top-section elementor-element elementor-element-dd85ccb elementor-section-boxed elementor-section-height-default elementor-section-height-default\" data-id=\"dd85ccb\" data-element_type=\"section\">\n\t\t\t\t\t\t<div class=\"elementor-container elementor-column-gap-default\">\n\t\t\t\t\t<div class=\"elementor-column elementor-col-100 elementor-top-column elementor-element elementor-element-66db332\" data-id=\"66db332\" data-element_type=\"column\">\n\t\t\t<div class=\"elementor-widget-wrap elementor-element-populated\">\n\t\t\t\t\t\t<div class=\"elementor-element elementor-element-24b1973 elementor-widget elementor-widget-spacer\" data-id=\"24b1973\" data-element_type=\"widget\" data-widget_type=\"spacer.default\">\n\t\t\t\t<div class=\"elementor-widget-container\">\n\t\t\t\t\t\t\t<div class=\"elementor-spacer\">\n\t\t\t<div class=\"elementor-spacer-inner\"><\/div>\n\t\t<\/div>\n\t\t\t\t\t\t<\/div>\n\t\t\t\t<\/div>\n\t\t\t\t<div class=\"elementor-element elementor-element-b74bf5e elementor-widget elementor-widget-heading\" data-id=\"b74bf5e\" data-element_type=\"widget\" data-widget_type=\"heading.default\">\n\t\t\t\t<div class=\"elementor-widget-container\">\n\t\t\t\t\t<h2 class=\"elementor-heading-title elementor-size-default\">T\u00e1mogat\u00f3ink<\/h2>\t\t\t\t<\/div>\n\t\t\t\t<\/div>\n\t\t\t\t\t<\/div>\n\t\t<\/div>\n\t\t\t\t\t<\/div>\n\t\t<\/section>\n\t\t\t\t<section class=\"elementor-section elementor-top-section elementor-element elementor-element-5ba9ca8 elementor-section-boxed elementor-section-height-default elementor-section-height-default\" data-id=\"5ba9ca8\" data-element_type=\"section\">\n\t\t\t\t\t\t<div class=\"elementor-container elementor-column-gap-default\">\n\t\t\t\t\t<div class=\"elementor-column elementor-col-50 elementor-top-column elementor-element elementor-element-f9b609e\" data-id=\"f9b609e\" data-element_type=\"column\">\n\t\t\t<div class=\"elementor-widget-wrap elementor-element-populated\">\n\t\t\t\t\t\t<div class=\"elementor-element elementor-element-fcf195c elementor-widget elementor-widget-image\" data-id=\"fcf195c\" data-element_type=\"widget\" data-widget_type=\"image.default\">\n\t\t\t\t<div class=\"elementor-widget-container\">\n\t\t\t\t\t\t\t\t\t\t\t\t\t\t\t\t<a href=\"https:\/\/auradex.io\/\">\n\t\t\t\t\t\t\t<img fetchpriority=\"high\" decoding=\"async\" width=\"1024\" height=\"762\" src=\"https:\/\/cmse.niarztest.com\/wp-content\/uploads\/2025\/09\/aura-black@3x-1024x762.png\" class=\"attachment-large size-large wp-image-243\" alt=\"\" srcset=\"https:\/\/cmse.niarztest.com\/wp-content\/uploads\/2025\/09\/aura-black@3x-1024x762.png 1024w, https:\/\/cmse.niarztest.com\/wp-content\/uploads\/2025\/09\/aura-black@3x-300x223.png 300w, https:\/\/cmse.niarztest.com\/wp-content\/uploads\/2025\/09\/aura-black@3x-768x572.png 768w, https:\/\/cmse.niarztest.com\/wp-content\/uploads\/2025\/09\/aura-black@3x-1536x1143.png 1536w, https:\/\/cmse.niarztest.com\/wp-content\/uploads\/2025\/09\/aura-black@3x-2048x1525.png 2048w\" sizes=\"(max-width: 1024px) 100vw, 1024px\" \/>\t\t\t\t\t\t\t\t<\/a>\n\t\t\t\t\t\t\t\t\t\t\t\t\t\t\t<\/div>\n\t\t\t\t<\/div>\n\t\t\t\t\t<\/div>\n\t\t<\/div>\n\t\t\t\t<div class=\"elementor-column elementor-col-50 elementor-top-column elementor-element elementor-element-6406567\" data-id=\"6406567\" data-element_type=\"column\">\n\t\t\t<div class=\"elementor-widget-wrap elementor-element-populated\">\n\t\t\t\t\t\t<div class=\"elementor-element elementor-element-3d334a4 elementor-widget elementor-widget-spacer\" data-id=\"3d334a4\" data-element_type=\"widget\" data-widget_type=\"spacer.default\">\n\t\t\t\t<div class=\"elementor-widget-container\">\n\t\t\t\t\t\t\t<div class=\"elementor-spacer\">\n\t\t\t<div class=\"elementor-spacer-inner\"><\/div>\n\t\t<\/div>\n\t\t\t\t\t\t<\/div>\n\t\t\t\t<\/div>\n\t\t\t\t<div class=\"elementor-element elementor-element-a7f0380 elementor-widget elementor-widget-text-editor\" data-id=\"a7f0380\" data-element_type=\"widget\" data-widget_type=\"text-editor.default\">\n\t\t\t\t<div class=\"elementor-widget-container\">\n\t\t\t\t\t\t\t\t\t<p>MI AZ AURA DEX?<br \/>Az Aura DEX egy forradalmian \u00faj DEX, amely magas likvidit\u00e1s\u00fa poolokkal, val\u00f3s idej\u0171 portf\u00f3li\u00f3kezel\u00e9ssel \u00e9s alacsony tranzakci\u00f3s d\u00edjakkal t\u00e1mogatja a kriptovaluta-keresked\u0151ket. \u00dagy lett kialak\u00edtva, hogy seg\u00edtsen maximaliz\u00e1lni a nyeres\u00e9get, mik\u00f6zben biztos\u00edtja az eszk\u00f6z\u00f6k biztons\u00e1g\u00e1t \u00e9s k\u00f6nny\u0171 kezelhet\u0151s\u00e9g\u00e9t.<\/p>\t\t\t\t\t\t\t\t<\/div>\n\t\t\t\t<\/div>\n\t\t\t\t\t<\/div>\n\t\t<\/div>\n\t\t\t\t\t<\/div>\n\t\t<\/section>\n\t\t\t\t<section class=\"elementor-section elementor-top-section elementor-element elementor-element-611a6a7 elementor-section-boxed elementor-section-height-default elementor-section-height-default\" data-id=\"611a6a7\" data-element_type=\"section\">\n\t\t\t\t\t\t<div class=\"elementor-container elementor-column-gap-default\">\n\t\t\t\t\t<div class=\"elementor-column elementor-col-100 elementor-top-column elementor-element elementor-element-bfae0ae\" data-id=\"bfae0ae\" data-element_type=\"column\">\n\t\t\t<div class=\"elementor-widget-wrap elementor-element-populated\">\n\t\t\t\t\t\t<div class=\"elementor-element elementor-element-c9f9c07 elementor-widget elementor-widget-spacer\" data-id=\"c9f9c07\" data-element_type=\"widget\" data-widget_type=\"spacer.default\">\n\t\t\t\t<div class=\"elementor-widget-container\">\n\t\t\t\t\t\t\t<div class=\"elementor-spacer\">\n\t\t\t<div class=\"elementor-spacer-inner\"><\/div>\n\t\t<\/div>\n\t\t\t\t\t\t<\/div>\n\t\t\t\t<\/div>\n\t\t\t\t\t<\/div>\n\t\t<\/div>\n\t\t\t\t\t<\/div>\n\t\t<\/section>\n\t\t\t\t<section class=\"elementor-section elementor-top-section elementor-element elementor-element-0c986ad elementor-section-boxed elementor-section-height-default elementor-section-height-default\" data-id=\"0c986ad\" data-element_type=\"section\">\n\t\t\t\t\t\t<div class=\"elementor-container elementor-column-gap-default\">\n\t\t\t\t\t<div class=\"elementor-column elementor-col-50 elementor-top-column elementor-element elementor-element-8bdbdfb\" data-id=\"8bdbdfb\" data-element_type=\"column\">\n\t\t\t<div class=\"elementor-widget-wrap elementor-element-populated\">\n\t\t\t\t\t\t<div class=\"elementor-element elementor-element-b62a42f elementor-widget elementor-widget-text-editor\" data-id=\"b62a42f\" data-element_type=\"widget\" data-widget_type=\"text-editor.default\">\n\t\t\t\t<div class=\"elementor-widget-container\">\n\t\t\t\t\t\t\t\t\t<p>Sz\u00e1munkra fontos a magas min\u0151s\u00e9g\u0171 \u00e9lelmiszerek el\u0151\u00e1ll\u00edt\u00e1sa, melyet mind a szakma, mind a v\u00e1s\u00e1rl\u00f3ink \u00e1ltal meg\u00edt\u00e9lt d\u00edjak is mutatnak: Kiv\u00e1l\u00f3 Min\u0151s\u00e9g\u0171 \u00c9lelmiszer V\u00e9djegy, \u00c9rt\u00e9k \u00e9s Min\u0151s\u00e9g Nagyd\u00edj, N\u0151k Lapja Food Awards. C\u00e9g\u00fcnk t\u00f6rekszik a tradicion\u00e1lis magyar recept\u00far\u00e1k \u00e9s alapanyagok haszn\u00e1lat\u00e1val a r\u00e9gi \u00e9rt\u00e9kek meg\u0151rz\u00e9s\u00e9re, mik\u00f6zben figyel\u00fcnk a modern, eg\u00e9szs\u00e9gtudatos t\u00e1pl\u00e1lkoz\u00e1s leg\u00fajabb ir\u00e1nyelveire is. K\u00edn\u00e1latunkban megtal\u00e1lhat\u00f3k E-mentes, lakt\u00f3z- \u00e9s glut\u00e9nmentes term\u00e9kek, valamint egyre t\u00f6bb veg\u00e1n \u00e9s veget\u00e1ri\u00e1nus term\u00e9k. A c\u00e9g dolgoz\u00f3ival egy\u00fctt vallom: n\u00e1lunk a min\u0151s\u00e9g nem trend k\u00e9rd\u00e9se.<\/p>\t\t\t\t\t\t\t\t<\/div>\n\t\t\t\t<\/div>\n\t\t\t\t\t<\/div>\n\t\t<\/div>\n\t\t\t\t<div class=\"elementor-column elementor-col-50 elementor-top-column elementor-element elementor-element-70184f8\" data-id=\"70184f8\" data-element_type=\"column\">\n\t\t\t<div class=\"elementor-widget-wrap elementor-element-populated\">\n\t\t\t\t\t\t<div class=\"elementor-element elementor-element-b92afb3 elementor-widget elementor-widget-spacer\" data-id=\"b92afb3\" data-element_type=\"widget\" data-widget_type=\"spacer.default\">\n\t\t\t\t<div class=\"elementor-widget-container\">\n\t\t\t\t\t\t\t<div class=\"elementor-spacer\">\n\t\t\t<div class=\"elementor-spacer-inner\"><\/div>\n\t\t<\/div>\n\t\t\t\t\t\t<\/div>\n\t\t\t\t<\/div>\n\t\t\t\t<div class=\"elementor-element elementor-element-4faabb9 elementor-widget elementor-widget-image\" data-id=\"4faabb9\" data-element_type=\"widget\" data-widget_type=\"image.default\">\n\t\t\t\t<div class=\"elementor-widget-container\">\n\t\t\t\t\t\t\t\t\t\t\t\t\t\t\t\t<a href=\"https:\/\/nadudvari.hu\/rolunk\/\">\n\t\t\t\t\t\t\t<img decoding=\"async\" width=\"509\" height=\"150\" src=\"https:\/\/cmse.niarztest.com\/wp-content\/uploads\/2025\/09\/Nadudvari_logo-1.webp\" class=\"attachment-large size-large wp-image-242\" alt=\"\" srcset=\"https:\/\/cmse.niarztest.com\/wp-content\/uploads\/2025\/09\/Nadudvari_logo-1.webp 509w, https:\/\/cmse.niarztest.com\/wp-content\/uploads\/2025\/09\/Nadudvari_logo-1-300x88.webp 300w\" sizes=\"(max-width: 509px) 100vw, 509px\" \/>\t\t\t\t\t\t\t\t<\/a>\n\t\t\t\t\t\t\t\t\t\t\t\t\t\t\t<\/div>\n\t\t\t\t<\/div>\n\t\t\t\t\t<\/div>\n\t\t<\/div>\n\t\t\t\t\t<\/div>\n\t\t<\/section>\n\t\t\t\t<section class=\"elementor-section elementor-top-section elementor-element elementor-element-54bac60 elementor-section-boxed elementor-section-height-default elementor-section-height-default\" data-id=\"54bac60\" data-element_type=\"section\">\n\t\t\t\t\t\t<div class=\"elementor-container elementor-column-gap-default\">\n\t\t\t\t\t<div class=\"elementor-column elementor-col-100 elementor-top-column elementor-element elementor-element-d727284\" data-id=\"d727284\" data-element_type=\"column\">\n\t\t\t<div class=\"elementor-widget-wrap elementor-element-populated\">\n\t\t\t\t\t\t<div class=\"elementor-element elementor-element-0c8981e elementor-widget elementor-widget-spacer\" data-id=\"0c8981e\" data-element_type=\"widget\" data-widget_type=\"spacer.default\">\n\t\t\t\t<div class=\"elementor-widget-container\">\n\t\t\t\t\t\t\t<div class=\"elementor-spacer\">\n\t\t\t<div class=\"elementor-spacer-inner\"><\/div>\n\t\t<\/div>\n\t\t\t\t\t\t<\/div>\n\t\t\t\t<\/div>\n\t\t\t\t\t<\/div>\n\t\t<\/div>\n\t\t\t\t\t<\/div>\n\t\t<\/section>\n\t\t\t\t<section class=\"elementor-section elementor-top-section elementor-element elementor-element-c4d22b0 elementor-section-boxed elementor-section-height-default elementor-section-height-default\" data-id=\"c4d22b0\" data-element_type=\"section\">\n\t\t\t\t\t\t<div class=\"elementor-container elementor-column-gap-default\">\n\t\t\t\t\t<div class=\"elementor-column elementor-col-50 elementor-top-column elementor-element elementor-element-17a2ee4\" data-id=\"17a2ee4\" data-element_type=\"column\">\n\t\t\t<div class=\"elementor-widget-wrap elementor-element-populated\">\n\t\t\t\t\t\t<div class=\"elementor-element elementor-element-79f81b5 elementor-widget elementor-widget-image\" data-id=\"79f81b5\" data-element_type=\"widget\" data-widget_type=\"image.default\">\n\t\t\t\t<div class=\"elementor-widget-container\">\n\t\t\t\t\t\t\t\t\t\t\t\t\t\t\t\t<a href=\"https:\/\/www.decathlon.hu\/\">\n\t\t\t\t\t\t\t<img decoding=\"async\" width=\"1024\" height=\"204\" src=\"https:\/\/cmse.niarztest.com\/wp-content\/uploads\/2025\/09\/Decathlon_Logo24.svg-1024x204.png\" class=\"attachment-large size-large wp-image-241\" alt=\"\" srcset=\"https:\/\/cmse.niarztest.com\/wp-content\/uploads\/2025\/09\/Decathlon_Logo24.svg-1024x204.png 1024w, https:\/\/cmse.niarztest.com\/wp-content\/uploads\/2025\/09\/Decathlon_Logo24.svg-300x60.png 300w, https:\/\/cmse.niarztest.com\/wp-content\/uploads\/2025\/09\/Decathlon_Logo24.svg-768x153.png 768w, https:\/\/cmse.niarztest.com\/wp-content\/uploads\/2025\/09\/Decathlon_Logo24.svg.png 1200w\" sizes=\"(max-width: 1024px) 100vw, 1024px\" \/>\t\t\t\t\t\t\t\t<\/a>\n\t\t\t\t\t\t\t\t\t\t\t\t\t\t\t<\/div>\n\t\t\t\t<\/div>\n\t\t\t\t<div class=\"elementor-element elementor-element-e654c3d elementor-widget elementor-widget-text-editor\" data-id=\"e654c3d\" data-element_type=\"widget\" data-widget_type=\"text-editor.default\">\n\t\t\t\t<div class=\"elementor-widget-container\">\n\t\t\t\t\t\t\t\t\t<h2 class=\"vtmn-typo_title-4 vtmn-font-bold vtmn-m-0 vtmn-order-1 vtmn-break-words\">\u00c9RT\u00c9KEINK<\/h2><div class=\"vtmn-mt-5 vtmn-order-4 vtmn-w-full\"><section class=\"vtmn-flex vtmn-justify-center vtmn-my-6\"><div class=\"vtmn-container vtmn-w-full vtmn-mx-4\"><ul class=\"vtmn-list\" role=\"listbox\"><li class=\"vtmn-list_item-size--medium svelte-1j0i7s0\" tabindex=\"0\" role=\"option\" aria-selected=\"true\"><div class=\"vtmn-list_text svelte-1j0i7s0\"><span class=\"svelte-1j0i7s0\">Vitalit\u00e1s<\/span><span class=\"svelte-1j0i7s0\">Az \u00e9leter\u0151r\u0151l sz\u00f3l. Arr\u00f3l, hogyan legy\u00fcnk pozit\u00edvak, tele energi\u00e1val. B\u00e1tran cselekszem, sz\u00edvesen kezdem\u00e9nyezek, alkalmazkodom \u00e9s v\u00e1ltoztatok, ha sz\u00fcks\u00e9ges. Tettre k\u00e9sz vagyok. Az\u00e9rt cselekszem, hogy nyerjek, \u00e9s nem az\u00e9rt, hogy ne vesz\u00edtsek.<\/span><\/div><\/li><\/ul><p>\u00a0<\/p><ul class=\"vtmn-list\" role=\"listbox\"><li tabindex=\"0\" role=\"option\" aria-selected=\"true\"><span class=\"svelte-1j0i7s0\">Felel\u0151ss\u00e9gtudat<\/span><span class=\"svelte-1j0i7s0\">Arr\u00f3l sz\u00f3l, hogyan v\u00e1llaljunk felel\u0151ss\u00e9get. L\u00e9gy te magad az \u00e9leted f\u0151szerepl\u0151je! Vil\u00e1gosan megmondom, mit fogok tenni, \u00e9s azt teszem, amit mondok. Rendszeresen m\u00e9rem az \u00e1ltalam l\u00e9trehozott \u00e9rt\u00e9ket, \u00e9s gondoskodom arr\u00f3l, hogy n\u00f6vekedjen. A hib\u00e1imat gyorsan kijav\u00edtom. \u00dcgyelek arra, hogy minden \u00e9rdekelt f\u00e9l fenntarthat\u00f3 m\u00f3don profit\u00e1ljon a d\u00f6nt\u00e9seimb\u0151l.<\/span><\/li><\/ul><\/div><\/section><\/div>\t\t\t\t\t\t\t\t<\/div>\n\t\t\t\t<\/div>\n\t\t\t\t\t<\/div>\n\t\t<\/div>\n\t\t\t\t<div class=\"elementor-column elementor-col-50 elementor-top-column elementor-element elementor-element-89104fc\" data-id=\"89104fc\" data-element_type=\"column\">\n\t\t\t<div class=\"elementor-widget-wrap elementor-element-populated\">\n\t\t\t\t\t\t<div class=\"elementor-element elementor-element-f055ec0 elementor-widget elementor-widget-spacer\" data-id=\"f055ec0\" data-element_type=\"widget\" data-widget_type=\"spacer.default\">\n\t\t\t\t<div class=\"elementor-widget-container\">\n\t\t\t\t\t\t\t<div class=\"elementor-spacer\">\n\t\t\t<div class=\"elementor-spacer-inner\"><\/div>\n\t\t<\/div>\n\t\t\t\t\t\t<\/div>\n\t\t\t\t<\/div>\n\t\t\t\t<div class=\"elementor-element elementor-element-5d006be elementor-widget elementor-widget-spacer\" data-id=\"5d006be\" data-element_type=\"widget\" data-widget_type=\"spacer.default\">\n\t\t\t\t<div class=\"elementor-widget-container\">\n\t\t\t\t\t\t\t<div class=\"elementor-spacer\">\n\t\t\t<div class=\"elementor-spacer-inner\"><\/div>\n\t\t<\/div>\n\t\t\t\t\t\t<\/div>\n\t\t\t\t<\/div>\n\t\t\t\t<div class=\"elementor-element elementor-element-a4b73bb elementor-widget elementor-widget-text-editor\" data-id=\"a4b73bb\" data-element_type=\"widget\" data-widget_type=\"text-editor.default\">\n\t\t\t\t<div class=\"elementor-widget-container\">\n\t\t\t\t\t\t\t\t\t<h2 class=\"vtmn-typo_title-4 vtmn-font-bold vtmn-m-0 vtmn-order-1 vtmn-break-words\">\u00a0<\/h2><div class=\"vtmn-mt-5 vtmn-order-4 vtmn-w-full\"><section class=\"vtmn-flex vtmn-justify-center vtmn-my-6\"><div class=\"vtmn-container vtmn-w-full vtmn-mx-4\"><ul class=\"vtmn-list\" role=\"listbox\"><li class=\"vtmn-list_item-size--medium svelte-1j0i7s0\" tabindex=\"0\" role=\"option\" aria-selected=\"true\"><div class=\"vtmn-list_text svelte-1j0i7s0\"><span class=\"svelte-1j0i7s0\">Nagylelk\u0171s\u00e9g<\/span><span class=\"svelte-1j0i7s0\">Sz\u00edvb\u0151l cselekszem, m\u00e1sokra is koncentr\u00e1lva. Csapatj\u00e1t\u00e9kos vagyok, seg\u00edtek, ha sz\u00fcks\u00e9ges. Mindent megosztok m\u00e1sokkal, ami hasznos lehet sz\u00e1mukra. Minden \u00e9rintettre &#8222;bar\u00e1tk\u00e9nt&#8221; tekintek. Gondoskodom magamr\u00f3l \u00e9s m\u00e1sokr\u00f3l egyar\u00e1nt. Szolid\u00e1risak vagyunk egym\u00e1ssal.<\/span><\/div><div class=\"vtmn-list_end-action svelte-1j0i7s0\">\u00a0<\/div><\/li><li class=\"vtmn-list_item-size--medium svelte-1j0i7s0\" tabindex=\"0\" role=\"option\" aria-selected=\"true\"><div class=\"vtmn-list_text svelte-1j0i7s0\"><span class=\"svelte-1j0i7s0\">Hiteless\u00e9g<\/span><span class=\"svelte-1j0i7s0\">Legy\u00fcnk h\u0171ek \u00f6nmagunkhoz \u00e9s m\u00e1sokhoz. Van b\u00e1tors\u00e1gom \u00f6nmagam lenni. Egyszer\u0171en kimondok mindent, \u0151szinte vagyok \u00e9s \u00fcgyelek m\u00e1sokra. Cselekedeteim sor\u00e1n figyelembe veszem a F\u00f6ld\u00fcnk term\u00e9szeti er\u0151forr\u00e1saira gyakorolt k\u00f6vetkezm\u00e9nyeket.<\/span><\/div><\/li><\/ul><\/div><\/section><\/div>\t\t\t\t\t\t\t\t<\/div>\n\t\t\t\t<\/div>\n\t\t\t\t\t<\/div>\n\t\t<\/div>\n\t\t\t\t\t<\/div>\n\t\t<\/section>\n\t\t\t\t<section class=\"elementor-section elementor-top-section elementor-element elementor-element-ba63ba3 elementor-section-full_width elementor-section-height-default elementor-section-height-default\" data-id=\"ba63ba3\" data-element_type=\"section\" data-settings=\"{&quot;background_background&quot;:&quot;classic&quot;,&quot;sticky&quot;:&quot;bottom&quot;,&quot;sticky_on&quot;:[&quot;desktop&quot;,&quot;tablet&quot;,&quot;mobile&quot;],&quot;sticky_offset&quot;:0,&quot;sticky_effects_offset&quot;:0,&quot;sticky_anchor_link_offset&quot;:0}\">\n\t\t\t\t\t\t<div class=\"elementor-container elementor-column-gap-default\">\n\t\t\t\t\t<div class=\"elementor-column elementor-col-50 elementor-top-column elementor-element elementor-element-b224508\" data-id=\"b224508\" data-element_type=\"column\">\n\t\t\t<div class=\"elementor-widget-wrap elementor-element-populated\">\n\t\t\t\t\t\t<div class=\"elementor-element elementor-element-a8a56b4 elementor-widget elementor-widget-image\" data-id=\"a8a56b4\" data-element_type=\"widget\" data-settings=\"{&quot;sticky&quot;:&quot;bottom&quot;,&quot;sticky_on&quot;:[&quot;desktop&quot;,&quot;tablet&quot;,&quot;mobile&quot;],&quot;sticky_offset&quot;:0,&quot;sticky_effects_offset&quot;:0,&quot;sticky_anchor_link_offset&quot;:0}\" data-widget_type=\"image.default\">\n\t\t\t\t<div class=\"elementor-widget-container\">\n\t\t\t\t\t\t\t\t\t\t\t\t\t\t\t<img loading=\"lazy\" decoding=\"async\" width=\"300\" height=\"86\" src=\"https:\/\/cmse.niarztest.com\/wp-content\/uploads\/2025\/09\/e7dad295-5be4-498f-aef2-8cbede0703d4-1-300x86.png\" class=\"attachment-medium size-medium wp-image-295\" alt=\"\" srcset=\"https:\/\/cmse.niarztest.com\/wp-content\/uploads\/2025\/09\/e7dad295-5be4-498f-aef2-8cbede0703d4-1-300x86.png 300w, https:\/\/cmse.niarztest.com\/wp-content\/uploads\/2025\/09\/e7dad295-5be4-498f-aef2-8cbede0703d4-1-1024x292.png 1024w, https:\/\/cmse.niarztest.com\/wp-content\/uploads\/2025\/09\/e7dad295-5be4-498f-aef2-8cbede0703d4-1-768x219.png 768w, https:\/\/cmse.niarztest.com\/wp-content\/uploads\/2025\/09\/e7dad295-5be4-498f-aef2-8cbede0703d4-1-1536x438.png 1536w, https:\/\/cmse.niarztest.com\/wp-content\/uploads\/2025\/09\/e7dad295-5be4-498f-aef2-8cbede0703d4-1-2048x584.png 2048w\" sizes=\"(max-width: 300px) 100vw, 300px\" \/>\t\t\t\t\t\t\t\t\t\t\t\t\t\t\t<\/div>\n\t\t\t\t<\/div>\n\t\t\t\t\t<\/div>\n\t\t<\/div>\n\t\t\t\t<div class=\"elementor-column elementor-col-50 elementor-top-column elementor-element elementor-element-2f1aa66\" data-id=\"2f1aa66\" data-element_type=\"column\">\n\t\t\t<div class=\"elementor-widget-wrap elementor-element-populated\">\n\t\t\t\t\t\t<div class=\"elementor-element elementor-element-dfd330b elementor-icon-list--layout-traditional elementor-list-item-link-full_width elementor-widget elementor-widget-icon-list\" data-id=\"dfd330b\" data-element_type=\"widget\" data-widget_type=\"icon-list.default\">\n\t\t\t\t<div class=\"elementor-widget-container\">\n\t\t\t\t\t\t\t<ul class=\"elementor-icon-list-items\">\n\t\t\t\t\t\t\t<li class=\"elementor-icon-list-item\">\n\t\t\t\t\t\t\t\t\t\t\t<a href=\"https:\/\/cmse.niarztest.com\/wp-content\/uploads\/2025\/09\/alapszabaly.pdf\">\n\n\t\t\t\t\t\t\t\t\t\t\t\t<span class=\"elementor-icon-list-icon\">\n\t\t\t\t\t\t\t<i aria-hidden=\"true\" class=\"fas fa-angle-right\"><\/i>\t\t\t\t\t\t<\/span>\n\t\t\t\t\t\t\t\t\t\t<span class=\"elementor-icon-list-text\">Alapszab\u00e1ly<\/span>\n\t\t\t\t\t\t\t\t\t\t\t<\/a>\n\t\t\t\t\t\t\t\t\t<\/li>\n\t\t\t\t\t\t\t\t<li class=\"elementor-icon-list-item\">\n\t\t\t\t\t\t\t\t\t\t\t<span class=\"elementor-icon-list-icon\">\n\t\t\t\t\t\t\t<i aria-hidden=\"true\" class=\"fas fa-angle-right\"><\/i>\t\t\t\t\t\t<\/span>\n\t\t\t\t\t\t\t\t\t\t<span class=\"elementor-icon-list-text\">Adatv\u00e9delmi t\u00e1j\u00e9koztat\u00f3<\/span>\n\t\t\t\t\t\t\t\t\t<\/li>\n\t\t\t\t\t\t<\/ul>\n\t\t\t\t\t\t<\/div>\n\t\t\t\t<\/div>\n\t\t\t\t\t<\/div>\n\t\t<\/div>\n\t\t\t\t\t<\/div>\n\t\t<\/section>\n\t\t\t\t<\/div>\n\t\t","protected":false},"excerpt":{"rendered":"<p>T\u00e1mogat\u00f3ink MI AZ AURA DEX?Az Aura DEX egy forradalmian \u00faj DEX, amely magas likvidit\u00e1s\u00fa poolokkal, val\u00f3s idej\u0171 portf\u00f3li\u00f3kezel\u00e9ssel \u00e9s alacsony tranzakci\u00f3s d\u00edjakkal t\u00e1mogatja a kriptovaluta-keresked\u0151ket. \u00dagy lett kialak\u00edtva, hogy seg\u00edtsen maximaliz\u00e1lni a nyeres\u00e9get, mik\u00f6zben biztos\u00edtja az eszk\u00f6z\u00f6k biztons\u00e1g\u00e1t \u00e9s k\u00f6nny\u0171 kezelhet\u0151s\u00e9g\u00e9t. Sz\u00e1munkra fontos a magas min\u0151s\u00e9g\u0171 \u00e9lelmiszerek el\u0151\u00e1ll\u00edt\u00e1sa, melyet mind a szakma, mind a v\u00e1s\u00e1rl\u00f3ink [&hellip;]<\/p>\n","protected":false},"author":1,"featured_media":0,"parent":0,"menu_order":0,"comment_status":"closed","ping_status":"closed","template":"elementor_canvas","meta":{"footnotes":""},"class_list":["post-239","page","type-page","status-publish","hentry"],"_links":{"self":[{"href":"https:\/\/cmse.niarztest.com\/index.php\/wp-json\/wp\/v2\/pages\/239","targetHints":{"allow":["GET"]}}],"collection":[{"href":"https:\/\/cmse.niarztest.com\/index.php\/wp-json\/wp\/v2\/pages"}],"about":[{"href":"https:\/\/cmse.niarztest.com\/index.php\/wp-json\/wp\/v2\/types\/page"}],"author":[{"embeddable":true,"href":"https:\/\/cmse.niarztest.com\/index.php\/wp-json\/wp\/v2\/users\/1"}],"replies":[{"embeddable":true,"href":"https:\/\/cmse.niarztest.com\/index.php\/wp-json\/wp\/v2\/comments?post=239"}],"version-history":[{"count":10,"href":"https:\/\/cmse.niarztest.com\/index.php\/wp-json\/wp\/v2\/pages\/239\/revisions"}],"predecessor-version":[{"id":464,"href":"https:\/\/cmse.niarztest.com\/index.php\/wp-json\/wp\/v2\/pages\/239\/revisions\/464"}],"wp:attachment":[{"href":"https:\/\/cmse.niarztest.com\/index.php\/wp-json\/wp\/v2\/media?parent=239"}],"curies":[{"name":"wp","href":"https:\/\/api.w.org\/{rel}","templated":true}]}}